{"id":94,"date":"2025-10-26T18:40:16","date_gmt":"2025-10-26T18:40:16","guid":{"rendered":"https:\/\/coofis08.fisica.unimi.it\/?page_id=94"},"modified":"2025-11-03T11:18:47","modified_gmt":"2025-11-03T11:18:47","slug":"comitato-organizzatore","status":"publish","type":"page","link":"https:\/\/coofis08.fisica.unimi.it\/?page_id=94","title":{"rendered":"Comitati"},"content":{"rendered":"\n<p class=\"has-medium-font-size\"><strong>Comitato Scientifico<\/strong><\/p>\n\n\n\n<p><a href=\"mailto:onofriorosario.battaglia@unipa.it\">Onofrio Rosario Battaglia<\/a> Universit\u00e0 degli Studi di Palermo<br><a href=\"mailto:marina.carpineti@unimi.it\">Marina Carpineti<\/a>: Universit\u00e0 degli Studi di Milano<br><a href=\"mailto: salvatore.esposito@na.infn.it\">Salvatore Esposito<\/a> Universit\u00e0 di Napoli Federico II<br><a href=\"mailto: marco.giliberti@unimi.it\">Marco Giliberti<\/a>: Universit\u00e0 degli Studi di Milano<br><a href=\"mailto: matteo.leone@unito.it\">Matteo Leone<\/a>: Universit\u00e0 di Torino<br><a href=\"mailto:luisa.lovisetti@unimi.it\">Luisa Lovisetti<\/a>: Universit\u00e0 degli Studi di Milano<br><a href=\"mailto:marisa.michelini@uniud.it\">Marisa Michelini<\/a>: Universit\u00e0 di Udine<br><a href=\"mailto:italo.testa@unina.it\">Italo Testa<\/a>: Universit\u00e0 di Napoli Federico II<\/p>\n\n\n\n<p><strong>Comitato organizzatore<\/strong><\/p>\n\n\n\n<figure class=\"wp-block-image size-large is-resized\"><img loading=\"lazy\" decoding=\"async\" width=\"1024\" height=\"181\" src=\"https:\/\/coofis08.fisica.unimi.it\/wp-content\/uploads\/2025\/10\/marchio-01-1024x181.jpg\" alt=\"\" class=\"wp-image-92\" style=\"width:399px;height:auto\"\/><\/figure>\n\n\n\n<p><a href=\"mailto:marina.carpineti@unimi.it\">Marina Carpineti<\/a>: Universit\u00e0 degli Studi di Milano<br><a href=\"mailto: marco.giliberti@unimi.it\">Marco Giliberti<\/a>: Universit\u00e0 degli Studi di Milano<br><a href=\"mailto:luisa.lovisetti@unimi.it\">Luisa Lovisetti<\/a>: Universit\u00e0 degli Studi di Milano<br>Per informazioni contattare: <a href=\"mailto:congresso.coofis08@fisica.unimi.it\">congresso.coofis08@fisica.unimi.it<\/a><\/p>\n\n\n\n<p><\/p>\n","protected":false},"excerpt":{"rendered":"<p>Comitato Scientifico Onofrio Rosario Battaglia Universit\u00e0 degli Studi di PalermoMarina Carpineti: Universit\u00e0 degli Studi di MilanoSalvatore Esposito Universit\u00e0 di Napoli&hellip; <\/p>\n","protected":false},"author":1,"featured_media":0,"parent":0,"menu_order":0,"comment_status":"closed","ping_status":"closed","template":"","meta":{"footnotes":""},"class_list":["post-94","page","type-page","status-publish","hentry"],"_links":{"self":[{"href":"https:\/\/coofis08.fisica.unimi.it\/index.php?rest_route=\/wp\/v2\/pages\/94","targetHints":{"allow":["GET"]}}],"collection":[{"href":"https:\/\/coofis08.fisica.unimi.it\/index.php?rest_route=\/wp\/v2\/pages"}],"about":[{"href":"https:\/\/coofis08.fisica.unimi.it\/index.php?rest_route=\/wp\/v2\/types\/page"}],"author":[{"embeddable":true,"href":"https:\/\/coofis08.fisica.unimi.it\/index.php?rest_route=\/wp\/v2\/users\/1"}],"replies":[{"embeddable":true,"href":"https:\/\/coofis08.fisica.unimi.it\/index.php?rest_route=%2Fwp%2Fv2%2Fcomments&post=94"}],"version-history":[{"count":7,"href":"https:\/\/coofis08.fisica.unimi.it\/index.php?rest_route=\/wp\/v2\/pages\/94\/revisions"}],"predecessor-version":[{"id":187,"href":"https:\/\/coofis08.fisica.unimi.it\/index.php?rest_route=\/wp\/v2\/pages\/94\/revisions\/187"}],"wp:attachment":[{"href":"https:\/\/coofis08.fisica.unimi.it\/index.php?rest_route=%2Fwp%2Fv2%2Fmedia&parent=94"}],"curies":[{"name":"wp","href":"https:\/\/api.w.org\/{rel}","templated":true}]}}